{"id":1014,"date":"2023-12-11T20:33:00","date_gmt":"2023-12-11T20:33:00","guid":{"rendered":"http:\/\/192.168.34.12\/osjomn\/?page_id=1014"},"modified":"2023-12-14T19:12:14","modified_gmt":"2023-12-14T22:12:14","slug":"procedimientos-administrativos","status":"publish","type":"page","link":"https:\/\/www.osjomn.com.ar\/index.php\/procedimientos-administrativos\/","title":{"rendered":"PROCEDIMIENTOS ADMINISTRATIVOS"},"content":{"rendered":"\n<div class=\"wp-block-uagb-container uagb-block-68d70b02 alignfull uagb-is-root-container\"><div class=\"uagb-container-inner-blocks-wrap\">\n<div class=\"wp-block-uagb-container uagb-block-6918f0ca\">\n<div class=\"wp-block-uagb-advanced-heading uagb-block-613e9c73\"><h2 class=\"uagb-heading-text\">PROCEDIMIENTOS ADMINISTRATIVOS<\/h2><div class=\"uagb-separator\"><\/div><\/div>\n\n\n\n<div class=\"wp-block-uagb-info-box uagb-block-2e89a3dc uagb-infobox__content-wrap  uagb-infobox-icon-above-title uagb-infobox-image-valign-top\"><div class=\"uagb-ifb-content\"><div class=\"uagb-ifb-title-wrap\"><h6 class=\"uagb-ifb-title\"><strong>1 &#8211; Obtenci\u00f3n de credenciales<\/strong><\/h6><\/div><p class=\"uagb-ifb-desc\">Una vez tramitada el alta del afilado a esta Obra Social se le otorga al y a su grupo familiar, si lo hubiera, credencial Provisoria ya que la definitiva ser\u00e1 enviada a su domicilio en el transcurso de los 7 d\u00edas a partir de la fecha del alta como tambi\u00e9n se activa la App correspondiente.<\/p><\/div><\/div>\n\n\n\n<div class=\"wp-block-uagb-info-box uagb-block-f070be80 uagb-infobox__content-wrap  uagb-infobox-icon-above-title uagb-infobox-image-valign-top\"><div class=\"uagb-ifb-content\"><div class=\"uagb-ifb-title-wrap\"><h6 class=\"uagb-ifb-title\"><strong><strong>2 &#8211; Centro de Servicios al Cliente<\/strong><\/strong><\/h6><\/div><p class=\"uagb-ifb-desc\">Brinda asesoramiento sobre turnos y otros servicios, n\u00f3mina de prestadores, alcance de su cobertura m\u00e9dica, copagos de su plan, cuotas, solicitud de credenciales, sugerencias y reclamos, solicitud de modificaci\u00f3n de datos personales.<\/p><\/div><\/div>\n\n\n\n<div class=\"wp-block-uagb-info-box uagb-block-dcc2bd6d uagb-infobox__content-wrap  uagb-infobox-icon-above-title uagb-infobox-image-valign-top\"><div class=\"uagb-ifb-content\"><div class=\"uagb-ifb-title-wrap\"><h6 class=\"uagb-ifb-title\"><strong><strong>3 &#8211; Nuestra Central de Autorizaciones<\/strong><\/strong><\/h6><\/div><p class=\"uagb-ifb-desc\">Gestiona autorizaciones de prestaciones indicadas por los profesionales o instituciones para la realizaci\u00f3n de estudios de diagn\u00f3stico y tratamiento, cirug\u00edas programadas e internaciones, para lo cual solo necesitara tener su credencial y numero de documento.<br><br>No necesitara comprar bonos ni recetarios, ya que solo se requiere la receta del m\u00e9dico al cual acudi\u00f3, nombre y n\u00famero de afiliado<\/p><\/div><\/div>\n\n\n\n<div class=\"wp-block-uagb-info-box uagb-block-e8e55838 uagb-infobox__content-wrap  uagb-infobox-icon-above-title uagb-infobox-image-valign-top\"><div class=\"uagb-ifb-content\"><div class=\"uagb-ifb-title-wrap\"><h6 class=\"uagb-ifb-title\"><strong><strong>3 &#8211; Nuestra Central de Autorizaciones<\/strong><\/strong><\/h6><\/div><p class=\"uagb-ifb-desc\">Gestiona autorizaciones de prestaciones indicadas por los profesionales o instituciones para la realizaci\u00f3n de estudios de diagn\u00f3stico y tratamiento, cirug\u00edas programadas e internaciones, para lo cual solo necesitara tener su credencial y numero de documento.<br><br>No necesitara comprar bonos ni recetarios, ya que solo se requiere la receta del m\u00e9dico al cual acudi\u00f3, nombre y n\u00famero de afiliado<br><br><em>Procedimiento y Metodolog\u00eda para el ingreso a Programas de Prevenci\u00f3n:<\/em><br>Los turnos m\u00e9dicos y\/o estudios podr\u00e1n ser solicitados v\u00eda telef\u00f3nica solicitando ingresar al Programa de Prevenci\u00f3n que desee seg\u00fan los disponibles en cartilla a trav\u00e9s de la siguiente manera:<br><br>a)&nbsp;&nbsp;&nbsp;&nbsp;&nbsp;&nbsp;&nbsp;&nbsp;&nbsp;&nbsp;&nbsp; Consultar por cartilla la zona y la especialidad, dentro de esta se encuentran por orden alfab\u00e9tico los profesionales.<br>b)&nbsp;&nbsp;&nbsp;&nbsp;&nbsp;&nbsp;&nbsp;&nbsp;&nbsp;&nbsp; Llamando al tel\u00e9fono indicado del profesional elegido se procede a sacar el turno correspondiente.<br>c)&nbsp;&nbsp;&nbsp;&nbsp;&nbsp;&nbsp;&nbsp;&nbsp;&nbsp;&nbsp;&nbsp; Si desea consultar un profesional que no se encuentra en cartilla para averiguar si atiende por su obra social puede llamar al tel\u00e9fono de Atenci\u00f3n al Cliente que figura al dorso de la credencial.<br>d)&nbsp;&nbsp;&nbsp;&nbsp;&nbsp;&nbsp;&nbsp;&nbsp;&nbsp;&nbsp; Si no posee cartilla puede llamar al tel\u00e9fono de Atenci\u00f3n al Cliente que figura al dorso de la credencial y solicitar informaci\u00f3n de los profesionales que atienden por la obra social.<\/p><\/div><\/div>\n\n\n\n<div class=\"wp-block-uagb-info-box uagb-block-b362e339 uagb-infobox__content-wrap  uagb-infobox-icon-above-title uagb-infobox-image-valign-top\"><div class=\"uagb-ifb-content\"><div class=\"uagb-ifb-title-wrap\"><h6 class=\"uagb-ifb-title\">4- Procedimiento y Metodolog\u00eda para el ingreso a Programas de Prevenci\u00f3n:<br><\/h6><\/div><p class=\"uagb-ifb-desc\">Los turnos m\u00e9dicos y\/o estudios podr\u00e1n ser solicitados v\u00eda telef\u00f3nica solicitando ingresar al Programa de Prevenci\u00f3n que desee seg\u00fan los disponibles en cartilla a trav\u00e9s de la siguiente manera:<br>a)&nbsp;&nbsp;&nbsp;&nbsp;&nbsp;&nbsp;&nbsp;&nbsp;&nbsp;&nbsp;&nbsp; Consultar por cartilla la zona y la especialidad, dentro de esta se encuentran por orden alfab\u00e9tico los profesionales.<br>b)&nbsp;&nbsp;&nbsp;&nbsp;&nbsp;&nbsp;&nbsp;&nbsp;&nbsp;&nbsp; Llamando al tel\u00e9fono indicado del profesional elegido se procede a sacar el turno correspondiente.<br>c)&nbsp;&nbsp;&nbsp;&nbsp;&nbsp;&nbsp;&nbsp;&nbsp;&nbsp;&nbsp;&nbsp; Si desea consultar un profesional que no se encuentra en cartilla para averiguar si atiende por su obra social puede llamar al tel\u00e9fono de Atenci\u00f3n al Cliente que figura al dorso de la credencial.<br>d)&nbsp;&nbsp;&nbsp;&nbsp;&nbsp;&nbsp;&nbsp;&nbsp;&nbsp;&nbsp; Si no posee cartilla puede llamar al tel\u00e9fono de Atenci\u00f3n al Cliente que figura al dorso de la credencial y solicitar informaci\u00f3n de los profesionales que atienden por la obra social.<\/p><\/div><\/div>\n\n\n\n<div class=\"wp-block-uagb-info-box uagb-block-36f4c37d uagb-infobox__content-wrap  uagb-infobox-icon-above-title uagb-infobox-image-valign-top\"><div class=\"uagb-ifb-content\"><div class=\"uagb-ifb-title-wrap\"><h6 class=\"uagb-ifb-title\">5) SERVICIOS MEDICOS EN EL INTERIOR DEL PAIS<br><\/h6><\/div><p class=\"uagb-ifb-desc\">URGENCIAS Y EMERGENCIAS LAS 24 HORAS, EN TODO EL PAIS<br><br>Le recordamos que para recibir atenci\u00f3n m\u00e9dica en ciudades del interior del pa\u00eds deber\u00e1 llamar al siguiente n\u00famero, donde personal de esta Obra Social lo derivar\u00e1 a una instituci\u00f3n o profesional de cartilla<br>Los servicios que usted recibir\u00e1 comprenden:<br><br>\u2022\u00a0\u00a0\u00a0\u00a0\u00a0\u00a0\u00a0\u00a0\u00a0\u00a0\u00a0\u00a0 Atenci\u00f3n M\u00e9dica<br>\u2022\u00a0\u00a0\u00a0\u00a0\u00a0\u00a0\u00a0\u00a0\u00a0\u00a0\u00a0\u00a0 Ex\u00e1menes complementarios de diagn\u00f3stico<br>\u2022\u00a0\u00a0\u00a0\u00a0\u00a0\u00a0\u00a0\u00a0\u00a0\u00a0\u00a0\u00a0 Internaciones de urgencia<br>\u2022\u00a0\u00a0\u00a0\u00a0\u00a0\u00a0\u00a0\u00a0\u00a0\u00a0\u00a0\u00a0 Internaciones quir\u00fargicas de urgencia<br>\u2022\u00a0\u00a0\u00a0\u00a0\u00a0\u00a0\u00a0\u00a0\u00a0\u00a0\u00a0\u00a0 Internaciones en Unidad de Cuidados Intensivos y Unidad Coronaria<br>\u2022\u00a0\u00a0\u00a0\u00a0\u00a0\u00a0\u00a0\u00a0\u00a0\u00a0\u00a0\u00a0 Servicios de Odontolog\u00eda de Urgencia<br>\u2022\u00a0\u00a0\u00a0\u00a0\u00a0\u00a0\u00a0\u00a0\u00a0\u00a0\u00a0\u00a0 Medicamentos recetados para la afecci\u00f3n que diera lugar a la asistencia.<br>\u2022\u00a0\u00a0\u00a0\u00a0\u00a0\u00a0\u00a0\u00a0\u00a0\u00a0\u00a0\u00a0 Traslados: Queda a criterio de Auditor\u00eda M\u00e9dica y cuando las condiciones cl\u00ednicas y\/o las indicaciones terap\u00e9uticas y\/o en la localidad no se contare con la complejidad requerida.<\/p><\/div><\/div>\n<\/div>\n<\/div><\/div>\n\n\n\n<div class=\"wp-block-uagb-container uagb-block-f3fca987 alignfull uagb-is-root-container\"><div class=\"uagb-container-inner-blocks-wrap\">\n<div class=\"wp-block-uagb-container uagb-block-70ef8bc8\">\n<div class=\"wp-block-uagb-advanced-heading uagb-block-83ee5644\"><h2 class=\"uagb-heading-text\">CENTROS DE ORIENTACION Y COORDINACION DE SERVICIOS<\/h2><div class=\"uagb-separator\"><\/div><\/div>\n\n\n\n<div class=\"wp-block-uagb-info-box uagb-block-86214f9d uagb-infobox__content-wrap  uagb-infobox-icon-above-title uagb-infobox-image-valign-top\"><div class=\"uagb-ifb-content\"><div class=\"uagb-ifb-title-wrap\"><h6 class=\"uagb-ifb-title\">1)\u00a0\u00a0\u00a0\u00a0\u00a0\u00a0\u00a0\u00a0\u00a0\u00a0\u00a0 TRASLADOS EN AMBULANCIAS<br><\/h6><\/div><p class=\"uagb-ifb-desc\">Servicio las 24 hs. todos los d\u00edas del a\u00f1o<br><br>CENTRAL DE URGENCIAS Y EMERGENCIAS<br>Ud. tiene a su disposici\u00f3n un servicio de resoluci\u00f3n de emergencias, urgencias y atenci\u00f3n medica domiciliaria a trav\u00e9s de nuestra Central de Urgencias y Emergencias Medicas (CUE)<br><br>Al requerir el servicio en cualquiera de las modalidades deber\u00e1 proporcionar los siguientes datos:<br><br>\u00a0\u2022\u00a0\u00a0\u00a0\u00a0\u00a0\u00a0\u00a0\u00a0\u00a0\u00a0\u00a0 Nombre, apellido y n\u00famero de credencial<br>\u00a0\u2022\u00a0\u00a0\u00a0\u00a0\u00a0\u00a0\u00a0\u00a0\u00a0\u00a0\u00a0 Motivo de la llamada: S\u00edntomas y cualquier otro dato de inter\u00e9s.<br>\u00a0\u2022\u00a0\u00a0\u00a0\u00a0\u00a0\u00a0\u00a0\u00a0\u00a0\u00a0 Donde se encuentra el paciente: calle, N\u00ba, entre cu\u00e1les calles, N\u00b0 de tel\u00e9fono de ubicaci\u00f3n y cualquier dato que ayude a la rapidez de ubicaci\u00f3n.<br>\u00a0\u2022\u00a0\u00a0\u00a0\u00a0\u00a0\u00a0\u00a0\u00a0\u00a0\u00a0\u00a0 Edad del paciente.<br><br>El servicio se brinda las 24 hs. Los 365 d\u00edas del a\u00f1o.<br><br>Recuerde tener siempre a mano su credencial ya que facilitara la obtenci\u00f3n r\u00e1pida de la informaci\u00f3n requerida<br><br>Nuestros operadores especialmente capacitados colaboraran con Ud. en la identificaci\u00f3n del mejor servicio a proveerle y le informaran acerca de que acci\u00f3n deber\u00e1 tomar frente a la situaci\u00f3n planteada.<br><br>Pautas generales para la mejor resoluci\u00f3n de los problemas agudos de salud<br><br><em>Es importante diferenciar 3 conceptos<br><\/em><br><em>Emergencias<\/em>: Estas implican atenci\u00f3n m\u00e9dica especializada y veloz en situaciones que puedan presuponer riesgo de vida. Se brinda sin cargo.<br><br><em>Emergencias con riesgo de vida:<\/em> Situaci\u00f3n de salud que se presenta repentinamente y requiere inmediato tratamiento o atenci\u00f3n que pude significar riesgo de vida. Ejemplos de posibles casos: asfixia, p\u00e9rdida de sangre abundante, dificultad respiratoria, dolor intenso en la zona del pecho, ca\u00eddas desde alturas, accidentes de tr\u00e1nsito, convulsiones, electrocuci\u00f3n.<br><br><em>Urgencias: <\/em>Incluye la atenci\u00f3n de aquellos procesos en los que no hay riesgo de vida pero requieren de r\u00e1pida atenci\u00f3n m\u00e9dica.<br>Visita m\u00e9dica domiciliaria: Este servicio se brinda para afiliados imposibilitados de trasladarse al consultorio y que no requieren de atenci\u00f3n m\u00e9dica de urgencia. En este caso el afiliado deber\u00e1 abonar el coseguro que dispone el PMO vigente.<br><br>Traslados: en los casos de necesidad de traslado, el pedido de una ambulancia debe estar exclusivamente solicitadas por profesionales correspondientes a OSJOMN<\/p><\/div><\/div>\n\n\n\n<div class=\"wp-block-uagb-info-box uagb-block-da91ab73 uagb-infobox__content-wrap  uagb-infobox-icon-above-title uagb-infobox-image-valign-top\"><div class=\"uagb-ifb-content\"><div class=\"uagb-ifb-title-wrap\"><h6 class=\"uagb-ifb-title\">2)\u00a0\u00a0\u00a0\u00a0\u00a0\u00a0\u00a0\u00a0\u00a0\u00a0\u00a0 ATENCION AL CLIENTE POR COBERTURA<br><\/h6><\/div><p class=\"uagb-ifb-desc\">Si Ud. tiene dudas administrativas o de definici\u00f3n de cobertura debe llamar a nuestro Centro de Servicio al cliente<br>Recuerde que en caso que un m\u00e9dico deba concurrir a su domicilio Ud. deber\u00e1 abonar un coseguro al profesional que lo asisti\u00f3, salvo que sea una emergencia<\/p><\/div><\/div>\n\n\n\n<div class=\"wp-block-uagb-info-box uagb-block-7ea97424 uagb-infobox__content-wrap  uagb-infobox-icon-above-title uagb-infobox-image-valign-top\"><div class=\"uagb-ifb-content\"><div class=\"uagb-ifb-title-wrap\"><h6 class=\"uagb-ifb-title\">3)\u00a0\u00a0\u00a0\u00a0\u00a0\u00a0\u00a0\u00a0\u00a0\u00a0\u00a0 CENTROS DE ATENCION<\/h6><\/div><p class=\"uagb-ifb-desc\">Seg\u00fan el tipo de urgencia se realizar\u00e1 la derivaci\u00f3n con la Instituci\u00f3n habilitada para Cl\u00ednica pedi\u00e1trica, quir\u00fargica, cardiol\u00f3gico, traumatol\u00f3gica y tocoginecol\u00f3gica.<\/p><\/div><\/div>\n<\/div>\n<\/div><\/div>\n","protected":false},"excerpt":{"rendered":"<p>PROCEDIMIENTOS ADMINISTRATIVOS CENTROS DE ORIENTACION Y COORDINACION DE SERVICIOS<\/p>\n","protected":false},"author":1,"featured_media":0,"parent":0,"menu_order":0,"comment_status":"closed","ping_status":"closed","template":"","meta":{"_uag_custom_page_level_css":"","site-sidebar-layout":"default","site-content-layout":"","ast-site-content-layout":"","site-content-style":"default","site-sidebar-style":"default","ast-global-header-display":"","ast-banner-title-visibility":"","ast-main-header-display":"","ast-hfb-above-header-display":"","ast-hfb-below-header-display":"","ast-hfb-mobile-header-display":"","site-post-title":"disabled","ast-breadcrumbs-content":"","ast-featured-img":"","footer-sml-layout":"","theme-transparent-header-meta":"","adv-header-id-meta":"","stick-header-meta":"","header-above-stick-meta":"","header-main-stick-meta":"","header-below-stick-meta":"","astra-migrate-meta-layouts":"","ast-page-background-enabled":"default","ast-page-background-meta":{"desktop":{"background-color":"var(--ast-global-color-4)","background-image":"","background-repeat":"repeat","background-position":"center center","background-size":"auto","background-attachment":"scroll","background-type":"","background-media":"","overlay-type":"","overlay-color":"","overlay-opacity":"","overlay-gradient":""},"tablet":{"background-color":"","background-image":"","background-repeat":"repeat","background-position":"center center","background-size":"auto","background-attachment":"scroll","background-type":"","background-media":"","overlay-type":"","overlay-color":"","overlay-opacity":"","overlay-gradient":""},"mobile":{"background-color":"","background-image":"","background-repeat":"repeat","background-position":"center center","background-size":"auto","background-attachment":"scroll","background-type":"","background-media":"","overlay-type":"","overlay-color":"","overlay-opacity":"","overlay-gradient":""}},"ast-content-background-meta":{"desktop":{"background-color":"var(--ast-global-color-5)","background-image":"","background-repeat":"repeat","background-position":"center center","background-size":"auto","background-attachment":"scroll","background-type":"","background-media":"","overlay-type":"","overlay-color":"","overlay-opacity":"","overlay-gradient":""},"tablet":{"background-color":"var(--ast-global-color-5)","background-image":"","background-repeat":"repeat","background-position":"center center","background-size":"auto","background-attachment":"scroll","background-type":"","background-media":"","overlay-type":"","overlay-color":"","overlay-opacity":"","overlay-gradient":""},"mobile":{"background-color":"var(--ast-global-color-5)","background-image":"","background-repeat":"repeat","background-position":"center center","background-size":"auto","background-attachment":"scroll","background-type":"","background-media":"","overlay-type":"","overlay-color":"","overlay-opacity":"","overlay-gradient":""}},"_kadence_starter_templates_imported_post":false,"footnotes":""},"class_list":["post-1014","page","type-page","status-publish","hentry"],"uagb_featured_image_src":{"full":false,"thumbnail":false,"medium":false,"medium_large":false,"large":false,"1536x1536":false,"2048x2048":false},"uagb_author_info":{"display_name":"osjomn","author_link":"https:\/\/www.osjomn.com.ar\/index.php\/author\/osjomn\/"},"uagb_comment_info":0,"uagb_excerpt":"PROCEDIMIENTOS ADMINISTRATIVOS CENTROS DE ORIENTACION Y COORDINACION DE SERVICIOS","_links":{"self":[{"href":"https:\/\/www.osjomn.com.ar\/index.php\/wp-json\/wp\/v2\/pages\/1014","targetHints":{"allow":["GET"]}}],"collection":[{"href":"https:\/\/www.osjomn.com.ar\/index.php\/wp-json\/wp\/v2\/pages"}],"about":[{"href":"https:\/\/www.osjomn.com.ar\/index.php\/wp-json\/wp\/v2\/types\/page"}],"author":[{"embeddable":true,"href":"https:\/\/www.osjomn.com.ar\/index.php\/wp-json\/wp\/v2\/users\/1"}],"replies":[{"embeddable":true,"href":"https:\/\/www.osjomn.com.ar\/index.php\/wp-json\/wp\/v2\/comments?post=1014"}],"version-history":[{"count":5,"href":"https:\/\/www.osjomn.com.ar\/index.php\/wp-json\/wp\/v2\/pages\/1014\/revisions"}],"predecessor-version":[{"id":1139,"href":"https:\/\/www.osjomn.com.ar\/index.php\/wp-json\/wp\/v2\/pages\/1014\/revisions\/1139"}],"wp:attachment":[{"href":"https:\/\/www.osjomn.com.ar\/index.php\/wp-json\/wp\/v2\/media?parent=1014"}],"curies":[{"name":"wp","href":"https:\/\/api.w.org\/{rel}","templated":true}]}}