{"id":17,"date":"2022-06-10T15:44:41","date_gmt":"2022-06-10T15:44:41","guid":{"rendered":"https:\/\/kadence.pixel-show.com\/cleaning-services\/?page_id=17"},"modified":"2023-12-14T00:13:01","modified_gmt":"2023-12-14T03:13:01","slug":"contacts","status":"publish","type":"page","link":"https:\/\/www.osjomn.com.ar\/index.php\/contacts\/","title":{"rendered":"Contacto"},"content":{"rendered":"\n<div class=\"wp-block-uagb-container uagb-block-f227a33f default uagb-is-root-container\">\n<div class=\"wp-block-uagb-container uagb-block-f612437c\">\n<div class=\"wp-block-group is-layout-constrained wp-block-group-is-layout-constrained\">\n<div class=\"wp-block-uagb-info-box uagb-block-c5845b4a uagb-infobox__content-wrap  uagb-infobox-icon-above-title uagb-infobox-image-valign-top\"><div class=\"uagb-ifb-content\"><div class=\"uagb-ifb-title-wrap\"><h2 class=\"uagb-ifb-title\">Tel\u00e9fono<\/h2><\/div><p class=\"uagb-ifb-desc\">Tel: 48153102\/3302<\/p><\/div><\/div>\n<\/div>\n\n\n\n<div class=\"wp-block-group is-layout-constrained wp-block-group-is-layout-constrained\">\n<div class=\"wp-block-uagb-info-box uagb-block-1ca7517d uagb-infobox__content-wrap  uagb-infobox-icon-above-title uagb-infobox-image-valign-top\"><div class=\"uagb-ifb-content\"><div class=\"uagb-ifb-title-wrap\"><h4 class=\"uagb-ifb-title\">E-mail<\/h4><\/div><p class=\"uagb-ifb-desc\">infoobrasocial@osjomn.com.ar<\/p><\/div><\/div>\n<\/div>\n\n\n\n<div class=\"wp-block-group is-layout-constrained wp-block-group-is-layout-constrained\">\n<div class=\"wp-block-uagb-info-box uagb-block-4e8492dd uagb-infobox__content-wrap  uagb-infobox-icon-above-title uagb-infobox-image-valign-top\"><div class=\"uagb-ifb-content\"><div class=\"uagb-ifb-title-wrap\"><h4 class=\"uagb-ifb-title\">Ciudad Aut\u00f3noma de Buenos Aires.<\/h4><\/div><p class=\"uagb-ifb-desc\">&nbsp;Libertad 1668 &#8211; CP 1016 &#8211; CABA<\/p><\/div><\/div>\n<\/div>\n<\/div>\n\n\n\n<div class=\"wp-block-uagb-container uagb-block-3a6696d9\">\n<div class=\"wp-block-uagb-image uagb-block-24ef7567 wp-block-uagb-image--layout-default wp-block-uagb-image--effect-static wp-block-uagb-image--align-none\"><figure class=\"wp-block-uagb-image__figure\"><img decoding=\"async\" srcset=\"https:\/\/www.osjomn.com.ar\/wp-content\/uploads\/2023\/11\/2022-12-30-3.jpg ,https:\/\/www.osjomn.com.ar\/wp-content\/uploads\/2023\/11\/2022-12-30-3.jpg 780w, https:\/\/www.osjomn.com.ar\/wp-content\/uploads\/2023\/11\/2022-12-30-3.jpg 360w\" sizes=\"auto, (max-width: 480px) 150px\" src=\"https:\/\/www.osjomn.com.ar\/wp-content\/uploads\/2023\/11\/2022-12-30-3.jpg\" alt=\"\" class=\"uag-image-838\" width=\"408\" height=\"780\" title=\"\" loading=\"lazy\"\/><\/figure><\/div>\n<\/div>\n<\/div>\n\n\n\n<div class=\"wp-block-uagb-container uagb-block-c4436e95 alignfull uagb-is-root-container\"><div class=\"uagb-container-inner-blocks-wrap\">\n<div class=\"wp-block-uagb-container uagb-block-03be54e2\">\n<div class=\"wp-block-uagb-advanced-heading uagb-block-598c6718\"><h2 class=\"uagb-heading-text\">Envianos tu Consulta<\/h2><\/div>\n\n\n<div class=\"wpforms-container wpforms-container-full wpforms-block wpforms-block-85de79f8-46f3-4420-9e00-4853f95bc012 wpforms-render-modern\" id=\"wpforms-734\"><form id=\"wpforms-form-734\" class=\"wpforms-validate wpforms-form\" data-formid=\"734\" method=\"post\" enctype=\"multipart\/form-data\" action=\"\/index.php\/wp-json\/wp\/v2\/pages\/17\" data-token=\"c069cdcf682d12319d32e89d9dfb6a5a\" data-token-time=\"1778068842\"><noscript class=\"wpforms-error-noscript\">Please enable JavaScript in your browser to complete this form.<\/noscript><div id=\"wpforms-error-noscript\" style=\"display: none;\">Please enable JavaScript in your browser to complete this form.<\/div><div class=\"wpforms-field-container\"><div id=\"wpforms-734-field_0-container\" class=\"wpforms-field wpforms-field-name\" data-field-id=\"0\"><label class=\"wpforms-field-label wpforms-label-hide\" for=\"wpforms-734-field_0\" aria-hidden=\"false\">Nombre <span class=\"wpforms-required-label\" aria-hidden=\"true\">*<\/span><\/label><input type=\"text\" id=\"wpforms-734-field_0\" class=\"wpforms-field-large wpforms-field-required\" name=\"wpforms[fields][0]\" placeholder=\"Nombre\" aria-errormessage=\"wpforms-734-field_0-error\" required><\/div><div id=\"wpforms-734-field_1-container\" class=\"wpforms-field wpforms-field-email\" data-field-id=\"1\"><label class=\"wpforms-field-label wpforms-label-hide\" for=\"wpforms-734-field_1\" aria-hidden=\"false\">Email <span class=\"wpforms-required-label\" aria-hidden=\"true\">*<\/span><\/label><input type=\"email\" id=\"wpforms-734-field_1\" class=\"wpforms-field-large wpforms-field-required\" name=\"wpforms[fields][1]\" placeholder=\"Email\" spellcheck=\"false\" aria-errormessage=\"wpforms-734-field_1-error\" required><\/div><div id=\"wpforms-734-field_3-container\" class=\"wpforms-field wpforms-field-text\" data-field-id=\"3\"><label class=\"wpforms-field-label wpforms-label-hide\" for=\"wpforms-734-field_3\" aria-hidden=\"false\">Asunto <span class=\"wpforms-required-label\" aria-hidden=\"true\">*<\/span><\/label><input type=\"text\" id=\"wpforms-734-field_3\" class=\"wpforms-field-large wpforms-field-required\" name=\"wpforms[fields][3]\" placeholder=\"Asunto\" aria-errormessage=\"wpforms-734-field_3-error\" required><\/div><div id=\"wpforms-734-field_2-container\" class=\"wpforms-field wpforms-field-textarea\" data-field-id=\"2\"><label class=\"wpforms-field-label wpforms-label-hide\" for=\"wpforms-734-field_2\" aria-hidden=\"false\">Mensaje <span class=\"wpforms-required-label\" aria-hidden=\"true\">*<\/span><\/label><textarea id=\"wpforms-734-field_2\" class=\"wpforms-field-medium wpforms-field-required\" name=\"wpforms[fields][2]\" placeholder=\"Mensaje\" aria-errormessage=\"wpforms-734-field_2-error\" required><\/textarea><\/div><\/div><!-- .wpforms-field-container --><div class=\"wpforms-field wpforms-field-hp\"><label for=\"wpforms-734-field-hp\" class=\"wpforms-field-label\">Comment<\/label><input type=\"text\" name=\"wpforms[hp]\" id=\"wpforms-734-field-hp\" class=\"wpforms-field-medium\"><\/div><div class=\"wpforms-submit-container\" ><input type=\"hidden\" name=\"wpforms[id]\" value=\"734\"><input type=\"hidden\" name=\"page_title\" value=\"\"><input type=\"hidden\" name=\"page_url\" value=\"https:\/\/www.osjomn.com.ar\/index.php\/wp-json\/wp\/v2\/pages\/17\"><input type=\"hidden\" name=\"url_referer\" value=\"\"><button type=\"submit\" name=\"wpforms[submit]\" id=\"wpforms-submit-734\" class=\"wpforms-submit\" data-alt-text=\"Enviando...\" data-submit-text=\"Enviar Mensaje\" aria-live=\"assertive\" value=\"wpforms-submit\">Enviar Mensaje<\/button><\/div><\/form><\/div>  <!-- .wpforms-container --><\/div>\n\n\n<style>.kb-google-maps-container17_39e14c-a4{height:540px;}.kb-google-maps-container17_39e14c-a4{filter:grayscale(50%);}@media all and (max-width: 767px){.kb-google-maps-container17_39e14c-a4{height:300px;}}<\/style><div class=\"kb-google-maps-container kb-google-maps-container17_39e14c-a4  wp-block-kadence-googlemaps\" data-mapid=\"17_39e14ca4\"><iframe width=\"100%\" height=\"100%\"\n\t\t\t\t\t\t\tstyle=\"border:0\" loading=\"lazy\"\n\t\t\t\t\t\t\tsrc=\"https:\/\/www.google.com\/maps\/embed\/v1\/place?key=AIzaSyBAM2o7PiQqwk15LC1XRH2e_KJ-jUa7KYk&#038;zoom=17&#038;maptype=roadmap&#038;q=Centro+de+Jefes+y+Oficiales+Maquinista+Navales+y+Obra+SocialLibertad+1668%2C+C1016ABH+CABA\"\n\t\t\t\t\t\t\ttitle=\"Google map of Centro de Jefes y Oficiales Maquinista Navales y Obra SocialLibertad 1668, C1016ABH CABA\"><\/iframe><\/div><script>function kb_google_map17_39e14ca4() { let center = { lat: 37.8201, lng: -122.4781}; let map = new google.maps.Map(document.getElementById(\"kb-google-map17_39e14ca4\"), {\n\t\t\t\t\t    zoom: 17,\n\t\t\t\t\t    center: center,});let marker = new google.maps.Marker({   position: { lat: 37.8201, lng: -122.4781},    map: map,  });}<\/script><\/div><\/div>\n\n\n\n<div class=\"wp-block-uagb-container uagb-block-d4e16854 alignfull uagb-is-root-container\"><div class=\"uagb-container-inner-blocks-wrap\">\n<div class=\"wp-block-uagb-image aligncenter uagb-block-01d02a55 wp-block-uagb-image--layout-default wp-block-uagb-image--effect-static wp-block-uagb-image--align-center\"><figure class=\"wp-block-uagb-image__figure\"><a class=\"\" href=\"https:\/\/www.argentina.gob.ar\/sssalud\" target=\"_blank\" rel=\"noreferrer noopener\"><img decoding=\"async\" srcset=\"https:\/\/www.osjomn.com.ar\/wp-content\/uploads\/2023\/11\/sssalud.jpg ,https:\/\/www.osjomn.com.ar\/wp-content\/uploads\/2023\/11\/sssalud.jpg 780w, https:\/\/www.osjomn.com.ar\/wp-content\/uploads\/2023\/11\/sssalud.jpg 360w\" sizes=\"auto, (max-width: 480px) 150px\" src=\"https:\/\/www.osjomn.com.ar\/wp-content\/uploads\/2023\/11\/sssalud.jpg\" alt=\"\" class=\"uag-image-917\" width=\"155\" height=\"100\" title=\"\" loading=\"lazy\"\/><\/a><\/figure><\/div>\n\n\n\n<div class=\"wp-block-uagb-advanced-heading uagb-block-c7f0e6d0\"><h6 class=\"uagb-heading-text\">\u00d3rgano de Control de Obras Sociales y Entidades de Medicina Prepaga.<\/h6><\/div>\n\n\n\n<p class=\"has-text-align-center has-small-font-size\">C\u00f3digo postal: C1035AAN<br>L\u00ednea Gratuita para consultas de beneficiarios y usuarios del Sistema Nacional de Salud<br>0800-222-72583 (SALUD)<br>Horario: 9 a 17 hs.<\/p>\n<\/div><\/div>\n","protected":false},"excerpt":{"rendered":"<p>Envianos tu Consulta \u00d3rgano de Control de Obras Sociales y Entidades de Medicina Prepaga. C\u00f3digo postal: C1035AANL\u00ednea Gratuita para consultas de beneficiarios y usuarios del Sistema Nacional de Salud0800-222-72583 (SALUD)Horario: 9 a 17 hs.<\/p>\n","protected":false},"author":1,"featured_media":0,"parent":0,"menu_order":6,"comment_status":"closed","ping_status":"closed","template":"","meta":{"_uag_custom_page_level_css":"","site-sidebar-layout":"default","site-content-layout":"","ast-site-content-layout":"","site-content-style":"default","site-sidebar-style":"default","ast-global-header-display":"","ast-banner-title-visibility":"","ast-main-header-display":"","ast-hfb-above-header-display":"","ast-hfb-below-header-display":"","ast-hfb-mobile-header-display":"","site-post-title":"","ast-breadcrumbs-content":"","ast-featured-img":"","footer-sml-layout":"","theme-transparent-header-meta":"","adv-header-id-meta":"","stick-header-meta":"","header-above-stick-meta":"","header-main-stick-meta":"","header-below-stick-meta":"","astra-migrate-meta-layouts":"default","ast-page-background-enabled":"default","ast-page-background-meta":{"desktop":{"background-color":"var(--ast-global-color-4)","background-image":"","background-repeat":"repeat","background-position":"center center","background-size":"auto","background-attachment":"scroll","background-type":"","background-media":"","overlay-type":"","overlay-color":"","overlay-opacity":"","overlay-gradient":""},"tablet":{"background-color":"","background-image":"","background-repeat":"repeat","background-position":"center center","background-size":"auto","background-attachment":"scroll","background-type":"","background-media":"","overlay-type":"","overlay-color":"","overlay-opacity":"","overlay-gradient":""},"mobile":{"background-color":"","background-image":"","background-repeat":"repeat","background-position":"center center","background-size":"auto","background-attachment":"scroll","background-type":"","background-media":"","overlay-type":"","overlay-color":"","overlay-opacity":"","overlay-gradient":""}},"ast-content-background-meta":{"desktop":{"background-color":"var(--ast-global-color-5)","background-image":"","background-repeat":"repeat","background-position":"center center","background-size":"auto","background-attachment":"scroll","background-type":"","background-media":"","overlay-type":"","overlay-color":"","overlay-opacity":"","overlay-gradient":""},"tablet":{"background-color":"var(--ast-global-color-5)","background-image":"","background-repeat":"repeat","background-position":"center center","background-size":"auto","background-attachment":"scroll","background-type":"","background-media":"","overlay-type":"","overlay-color":"","overlay-opacity":"","overlay-gradient":""},"mobile":{"background-color":"var(--ast-global-color-5)","background-image":"","background-repeat":"repeat","background-position":"center center","background-size":"auto","background-attachment":"scroll","background-type":"","background-media":"","overlay-type":"","overlay-color":"","overlay-opacity":"","overlay-gradient":""}},"_kadence_starter_templates_imported_post":true,"footnotes":""},"class_list":["post-17","page","type-page","status-publish","hentry"],"uagb_featured_image_src":{"full":false,"thumbnail":false,"medium":false,"medium_large":false,"large":false,"1536x1536":false,"2048x2048":false},"uagb_author_info":{"display_name":"osjomn","author_link":"https:\/\/www.osjomn.com.ar\/index.php\/author\/osjomn\/"},"uagb_comment_info":0,"uagb_excerpt":"Envianos tu Consulta \u00d3rgano de Control de Obras Sociales y Entidades de Medicina Prepaga. C\u00f3digo postal: C1035AANL\u00ednea Gratuita para consultas de beneficiarios y usuarios del Sistema Nacional de Salud0800-222-72583 (SALUD)Horario: 9 a 17 hs.","_links":{"self":[{"href":"https:\/\/www.osjomn.com.ar\/index.php\/wp-json\/wp\/v2\/pages\/17","targetHints":{"allow":["GET"]}}],"collection":[{"href":"https:\/\/www.osjomn.com.ar\/index.php\/wp-json\/wp\/v2\/pages"}],"about":[{"href":"https:\/\/www.osjomn.com.ar\/index.php\/wp-json\/wp\/v2\/types\/page"}],"author":[{"embeddable":true,"href":"https:\/\/www.osjomn.com.ar\/index.php\/wp-json\/wp\/v2\/users\/1"}],"replies":[{"embeddable":true,"href":"https:\/\/www.osjomn.com.ar\/index.php\/wp-json\/wp\/v2\/comments?post=17"}],"version-history":[{"count":41,"href":"https:\/\/www.osjomn.com.ar\/index.php\/wp-json\/wp\/v2\/pages\/17\/revisions"}],"predecessor-version":[{"id":1089,"href":"https:\/\/www.osjomn.com.ar\/index.php\/wp-json\/wp\/v2\/pages\/17\/revisions\/1089"}],"wp:attachment":[{"href":"https:\/\/www.osjomn.com.ar\/index.php\/wp-json\/wp\/v2\/media?parent=17"}],"curies":[{"name":"wp","href":"https:\/\/api.w.org\/{rel}","templated":true}]}}