{"id":6,"date":"2022-06-06T10:32:12","date_gmt":"2022-06-06T10:32:12","guid":{"rendered":"https:\/\/kadence.pixel-show.com\/cleaning-services\/?page_id=6"},"modified":"2023-12-14T19:11:54","modified_gmt":"2023-12-14T22:11:54","slug":"inicio","status":"publish","type":"page","link":"https:\/\/www.osjomn.com.ar\/","title":{"rendered":"Inicio"},"content":{"rendered":"\n<div class=\"wp-block-uagb-container uagb-block-520e2490 alignfull uagb-is-root-container\"><div class=\"uagb-container-inner-blocks-wrap\"><\/div><\/div>\n\n\n\n<div class=\"wp-block-uagb-container uagb-block-e78745c9 alignfull uagb-is-root-container\"><div class=\"uagb-container-inner-blocks-wrap\">\n<div class=\"wp-block-uagb-info-box uagb-block-68ec6e7c uagb-infobox__content-wrap  uagb-infobox-icon-above-title uagb-infobox-image-valign-top\"><div class=\"uagb-ifb-content\"><div class=\"uagb-ifb-title-wrap\"><h1 class=\"uagb-ifb-title\"><strong>Obra Social de Jefes y Oficiales Maquinistas Navales<\/strong><\/h1><\/div><div class=\"uagb-ifb-separator\"><\/div><\/div><\/div>\n<\/div><\/div>\n\n\n\n<div data-aos= \"zoom-out-down\" data-aos-duration=\"400\" data-aos-delay=\"0\" data-aos-easing=\"ease\" data-aos-once=\"true\" class=\"wp-block-uagb-container uagb-block-63075c9b default uagb-is-root-container\">\n<div class=\"wp-block-uagb-container uagb-block-30759cc1\">\n<div class=\"wp-block-uagb-image alignleft uagb-block-9cce200d wp-block-uagb-image--layout-default wp-block-uagb-image--effect-static wp-block-uagb-image--align-left\"><figure class=\"wp-block-uagb-image__figure\"><img decoding=\"async\" srcset=\"https:\/\/www.osjomn.com.ar\/wp-content\/uploads\/2023\/11\/2022-12-30.jpg ,https:\/\/www.osjomn.com.ar\/wp-content\/uploads\/2023\/11\/2022-12-30.jpg 780w, https:\/\/www.osjomn.com.ar\/wp-content\/uploads\/2023\/11\/2022-12-30.jpg 360w\" sizes=\"auto, (max-width: 480px) 150px\" src=\"https:\/\/www.osjomn.com.ar\/wp-content\/uploads\/2023\/11\/2022-12-30.jpg\" alt=\"\" class=\"uag-image-797\" width=\"1164\" height=\"1919\" title=\"\" loading=\"lazy\"\/><\/figure><\/div>\n<\/div>\n\n\n\n<div class=\"wp-block-uagb-container uagb-block-ce40c749\">\n<div class=\"wp-block-uagb-info-box uagb-block-d7db29db uagb-infobox__content-wrap  uagb-infobox-icon-above-title uagb-infobox-image-valign-top\"><div class=\"uagb-ifb-content\"><div class=\"uagb-ifb-title-wrap\"><h1 class=\"uagb-ifb-title\">Nuestra Misi\u00f3n <\/h1><\/div><p class=\"uagb-ifb-desc\">Brindar a nuestros afiliados, de una manera responsable y solidaria, los servicios y medios necesarios para proteger y cuidar su salud, como asimismo prevenir sus posibles enfermedades.<\/p><div class=\"uagb-ifb-separator\"><\/div><\/div><\/div>\n<\/div>\n<\/div>\n\n\n\n<div class=\"wp-block-uagb-container uagb-block-2f328874 alignfull uagb-is-root-container\"><div class=\"uagb-container-inner-blocks-wrap\"><style>.kb-row-layout-id6_b8c711-f5 > .kt-row-column-wrap{align-content:start;}:where(.kb-row-layout-id6_b8c711-f5 > .kt-row-column-wrap) > .wp-block-kadence-column{justify-content:start;}.kb-row-layout-id6_b8c711-f5 > .kt-row-column-wrap{column-gap:var(--global-kb-gap-md, 2rem);row-gap:var(--global-kb-gap-md, 2rem);padding-top:var(--global-kb-spacing-sm, 1.5rem);padding-bottom:var(--global-kb-spacing-sm, 1.5rem);grid-template-columns:repeat(2, minmax(0, 1fr));}.kb-row-layout-id6_b8c711-f5 > .kt-row-layout-overlay{opacity:0.30;}@media all and (max-width: 1024px){.kb-row-layout-id6_b8c711-f5 > .kt-row-column-wrap{grid-template-columns:repeat(2, minmax(0, 1fr));}}@media all and (max-width: 767px){.kb-row-layout-id6_b8c711-f5 > .kt-row-column-wrap{grid-template-columns:minmax(0, 1fr);}}<\/style><div class=\"kb-row-layout-wrap kb-row-layout-id6_b8c711-f5 alignnone wp-block-kadence-rowlayout\"><div class=\"kt-row-column-wrap kt-has-2-columns kt-row-layout-equal kt-tab-layout-inherit kt-mobile-layout-row kt-row-valign-top\">\n<style>.kadence-column6_1c9d70-e7 > .kt-inside-inner-col,.kadence-column6_1c9d70-e7 > .kt-inside-inner-col:before{border-top-left-radius:0px;border-top-right-radius:0px;border-bottom-right-radius:0px;border-bottom-left-radius:0px;}.kadence-column6_1c9d70-e7 > .kt-inside-inner-col{column-gap:var(--global-kb-gap-sm, 1rem);}.kadence-column6_1c9d70-e7 > .kt-inside-inner-col{flex-direction:column;}.kadence-column6_1c9d70-e7 > .kt-inside-inner-col > .aligncenter{width:100%;}.kadence-column6_1c9d70-e7 > .kt-inside-inner-col:before{opacity:0.3;}.kadence-column6_1c9d70-e7{text-align:center;}.kadence-column6_1c9d70-e7{position:relative;}@media all and (max-width: 1024px){.kadence-column6_1c9d70-e7 > .kt-inside-inner-col{flex-direction:column;justify-content:center;}}@media all and (max-width: 767px){.kadence-column6_1c9d70-e7 > .kt-inside-inner-col{flex-direction:column;justify-content:center;}}<\/style>\n<div class=\"wp-block-kadence-column kadence-column6_1c9d70-e7\"><div class=\"kt-inside-inner-col\">\n<h2 class=\"wp-block-heading\">Tel\u00e9fono<\/h2>\n\n\n\n<p>Tel: 48153102\/3302<\/p>\n\n\n\n<h4 class=\"wp-block-heading\">E-mail<\/h4>\n\n\n\n<p>infoobrasocial@osjomn.com.ar<\/p>\n\n\n\n<h4 class=\"wp-block-heading\">Ciudad Aut\u00f3noma de Buenos Aires.<\/h4>\n\n\n\n<p>&nbsp;Libertad 1668 &#8211; CP 1016 &#8211; CABA<\/p>\n<\/div><\/div>\n\n\n<style>.kadence-column6_0308ab-7e > .kt-inside-inner-col,.kadence-column6_0308ab-7e > .kt-inside-inner-col:before{border-top-left-radius:0px;border-top-right-radius:0px;border-bottom-right-radius:0px;border-bottom-left-radius:0px;}.kadence-column6_0308ab-7e > .kt-inside-inner-col{column-gap:var(--global-kb-gap-sm, 1rem);}.kadence-column6_0308ab-7e > .kt-inside-inner-col{flex-direction:column;}.kadence-column6_0308ab-7e > .kt-inside-inner-col > .aligncenter{width:100%;}.kadence-column6_0308ab-7e > .kt-inside-inner-col:before{opacity:0.3;}.kadence-column6_0308ab-7e{position:relative;}@media all and (max-width: 1024px){.kadence-column6_0308ab-7e > .kt-inside-inner-col{flex-direction:column;justify-content:center;}}@media all and (max-width: 767px){.kadence-column6_0308ab-7e > .kt-inside-inner-col{flex-direction:column;justify-content:center;}}<\/style>\n<div class=\"wp-block-kadence-column kadence-column6_0308ab-7e\"><div class=\"kt-inside-inner-col\"><style>.kb-google-maps-container6_8adbbc-d8{height:450px;}<\/style><div class=\"kb-google-maps-container kb-google-maps-container6_8adbbc-d8  wp-block-kadence-googlemaps\" data-mapid=\"6_8adbbcd8\"><iframe width=\"100%\" height=\"100%\"\n\t\t\t\t\t\t\tstyle=\"border:0\" loading=\"lazy\"\n\t\t\t\t\t\t\tsrc=\"https:\/\/www.google.com\/maps\/embed\/v1\/place?key=AIzaSyBAM2o7PiQqwk15LC1XRH2e_KJ-jUa7KYk&#038;zoom=11&#038;maptype=roadmap&#038;q=Centro+de+Jefes+y+Oficiales+Maquinista+Navales+y+Obra+SocialLibertad+1668%2C+C1016ABH+CABA\"\n\t\t\t\t\t\t\ttitle=\"Google map of Centro de Jefes y Oficiales Maquinista Navales y Obra SocialLibertad 1668, C1016ABH CABA\"><\/iframe><\/div><script>function kb_google_map6_8adbbcd8() { let center = { lat: 37.8201, lng: -122.4781}; let map = new google.maps.Map(document.getElementById(\"kb-google-map6_8adbbcd8\"), {\n\t\t\t\t\t    zoom: 11,\n\t\t\t\t\t    center: center,});let marker = new google.maps.Marker({   position: { lat: 37.8201, lng: -122.4781},    map: map,  });}<\/script><\/div><\/div>\n\n<\/div><\/div><\/div><\/div>\n\n\n\n<div class=\"wp-block-uagb-container uagb-block-d4e16854 default uagb-is-root-container\">\n<div class=\"wp-block-uagb-image aligncenter uagb-block-01d02a55 wp-block-uagb-image--layout-default wp-block-uagb-image--effect-static wp-block-uagb-image--align-center\"><figure class=\"wp-block-uagb-image__figure\"><a class=\"\" href=\"https:\/\/www.argentina.gob.ar\/sssalud\" target=\"\" rel=\"noopener\"><img decoding=\"async\" srcset=\"https:\/\/www.osjomn.com.ar\/wp-content\/uploads\/2023\/11\/sssalud.jpg ,https:\/\/www.osjomn.com.ar\/wp-content\/uploads\/2023\/11\/sssalud.jpg 780w, https:\/\/www.osjomn.com.ar\/wp-content\/uploads\/2023\/11\/sssalud.jpg 360w\" sizes=\"auto, (max-width: 480px) 150px\" src=\"https:\/\/www.osjomn.com.ar\/wp-content\/uploads\/2023\/11\/sssalud.jpg\" alt=\"\" class=\"uag-image-917\" width=\"155\" height=\"100\" title=\"\" loading=\"lazy\"\/><\/a><\/figure><\/div>\n\n\n\n<div class=\"wp-block-uagb-advanced-heading uagb-block-c7f0e6d0\"><h6 class=\"uagb-heading-text\">\u00d3rgano de Control de Obras Sociales y Entidades de Medicina Prepaga.<\/h6><\/div>\n\n\n\n<p class=\"has-text-align-center has-small-font-size\">C\u00f3digo postal: C1035AAN<br>L\u00ednea Gratuita para consultas de beneficiarios y usuarios del Sistema Nacional de Salud<br>0800-222-72583 (SALUD)<br>Horario: 9 a 17 hs.<\/p>\n<\/div>\n","protected":false},"excerpt":{"rendered":"<p>Tel\u00e9fono Tel: 48153102\/3302 E-mail infoobrasocial@osjomn.com.ar Ciudad Aut\u00f3noma de Buenos Aires. &nbsp;Libertad 1668 &#8211; CP 1016 &#8211; CABA \u00d3rgano de Control de Obras Sociales y Entidades de Medicina Prepaga. C\u00f3digo postal: C1035AANL\u00ednea Gratuita para consultas de beneficiarios y usuarios del Sistema Nacional de Salud0800-222-72583 (SALUD)Horario: 9 a 17 hs.<\/p>\n","protected":false},"author":1,"featured_media":0,"parent":0,"menu_order":0,"comment_status":"closed","ping_status":"closed","template":"","meta":{"_uag_custom_page_level_css":"","site-sidebar-layout":"default","site-content-layout":"","ast-site-content-layout":"","site-content-style":"default","site-sidebar-style":"default","ast-global-header-display":"","ast-banner-title-visibility":"","ast-main-header-display":"","ast-hfb-above-header-display":"","ast-hfb-below-header-display":"","ast-hfb-mobile-header-display":"","site-post-title":"disabled","ast-breadcrumbs-content":"","ast-featured-img":"","footer-sml-layout":"","theme-transparent-header-meta":"","adv-header-id-meta":"","stick-header-meta":"","header-above-stick-meta":"","header-main-stick-meta":"","header-below-stick-meta":"","astra-migrate-meta-layouts":"","ast-page-background-enabled":"default","ast-page-background-meta":{"desktop":{"background-color":"var(--ast-global-color-4)","background-image":"","background-repeat":"repeat","background-position":"center center","background-size":"auto","background-attachment":"scroll","background-type":"","background-media":"","overlay-type":"","overlay-color":"","overlay-opacity":"","overlay-gradient":""},"tablet":{"background-color":"","background-image":"","background-repeat":"repeat","background-position":"center center","background-size":"auto","background-attachment":"scroll","background-type":"","background-media":"","overlay-type":"","overlay-color":"","overlay-opacity":"","overlay-gradient":""},"mobile":{"background-color":"","background-image":"","background-repeat":"repeat","background-position":"center center","background-size":"auto","background-attachment":"scroll","background-type":"","background-media":"","overlay-type":"","overlay-color":"","overlay-opacity":"","overlay-gradient":""}},"ast-content-background-meta":{"desktop":{"background-color":"var(--ast-global-color-5)","background-image":"","background-repeat":"repeat","background-position":"center center","background-size":"auto","background-attachment":"scroll","background-type":"","background-media":"","overlay-type":"","overlay-color":"","overlay-opacity":"","overlay-gradient":""},"tablet":{"background-color":"var(--ast-global-color-5)","background-image":"","background-repeat":"repeat","background-position":"center center","background-size":"auto","background-attachment":"scroll","background-type":"","background-media":"","overlay-type":"","overlay-color":"","overlay-opacity":"","overlay-gradient":""},"mobile":{"background-color":"var(--ast-global-color-5)","background-image":"","background-repeat":"repeat","background-position":"center center","background-size":"auto","background-attachment":"scroll","background-type":"","background-media":"","overlay-type":"","overlay-color":"","overlay-opacity":"","overlay-gradient":""}},"_kadence_starter_templates_imported_post":true,"footnotes":""},"class_list":["post-6","page","type-page","status-publish","hentry"],"uagb_featured_image_src":{"full":false,"thumbnail":false,"medium":false,"medium_large":false,"large":false,"1536x1536":false,"2048x2048":false},"uagb_author_info":{"display_name":"osjomn","author_link":"https:\/\/www.osjomn.com.ar\/index.php\/author\/osjomn\/"},"uagb_comment_info":0,"uagb_excerpt":"Tel\u00e9fono Tel: 48153102\/3302 E-mail infoobrasocial@osjomn.com.ar Ciudad Aut\u00f3noma de Buenos Aires. &nbsp;Libertad 1668 &#8211; CP 1016 &#8211; CABA \u00d3rgano de Control de Obras Sociales y Entidades de Medicina Prepaga. C\u00f3digo postal: C1035AANL\u00ednea Gratuita para consultas de beneficiarios y usuarios del Sistema Nacional de Salud0800-222-72583 (SALUD)Horario: 9 a 17 hs.","_links":{"self":[{"href":"https:\/\/www.osjomn.com.ar\/index.php\/wp-json\/wp\/v2\/pages\/6","targetHints":{"allow":["GET"]}}],"collection":[{"href":"https:\/\/www.osjomn.com.ar\/index.php\/wp-json\/wp\/v2\/pages"}],"about":[{"href":"https:\/\/www.osjomn.com.ar\/index.php\/wp-json\/wp\/v2\/types\/page"}],"author":[{"embeddable":true,"href":"https:\/\/www.osjomn.com.ar\/index.php\/wp-json\/wp\/v2\/users\/1"}],"replies":[{"embeddable":true,"href":"https:\/\/www.osjomn.com.ar\/index.php\/wp-json\/wp\/v2\/comments?post=6"}],"version-history":[{"count":57,"href":"https:\/\/www.osjomn.com.ar\/index.php\/wp-json\/wp\/v2\/pages\/6\/revisions"}],"predecessor-version":[{"id":1140,"href":"https:\/\/www.osjomn.com.ar\/index.php\/wp-json\/wp\/v2\/pages\/6\/revisions\/1140"}],"wp:attachment":[{"href":"https:\/\/www.osjomn.com.ar\/index.php\/wp-json\/wp\/v2\/media?parent=6"}],"curies":[{"name":"wp","href":"https:\/\/api.w.org\/{rel}","templated":true}]}}