{"id":783,"date":"2023-11-07T13:25:46","date_gmt":"2023-11-07T13:25:46","guid":{"rendered":"http:\/\/192.168.34.12\/osjomn\/?page_id=783"},"modified":"2023-12-13T18:34:31","modified_gmt":"2023-12-13T18:34:31","slug":"prevencion","status":"publish","type":"page","link":"https:\/\/www.osjomn.com.ar\/index.php\/prevencion\/","title":{"rendered":"Prevenci\u00f3n"},"content":{"rendered":"\n<div class=\"wp-block-uagb-container uagb-block-6a20b1b5 alignfull uagb-is-root-container\"><div class=\"uagb-container-inner-blocks-wrap\">\n<div class=\"wp-block-uagb-info-box uagb-block-7c6e2cb1 uagb-infobox__content-wrap  uagb-infobox-icon-above-title uagb-infobox-image-valign-top\"><div class=\"uagb-ifb-content\"><div class=\"uagb-ifb-title-wrap\"><h1 class=\"uagb-ifb-title\"><strong>PROGRAMAS DE PREVENCI\u00d3N<\/strong><\/h1><\/div><div class=\"uagb-ifb-separator\"><\/div><\/div><\/div>\n<\/div><\/div>\n\n\n\n<div class=\"wp-block-uagb-container uagb-block-6fdde312 alignfull uagb-is-root-container\"><div class=\"uagb-container-inner-blocks-wrap\">\n<div class=\"wp-block-uagb-info-box uagb-block-f648d542 uagb-infobox__content-wrap  uagb-infobox-icon-above-title uagb-infobox-image-valign-top\"><div class=\"uagb-ifb-content\"><div class=\"uagb-ifb-title-wrap\"><h5 class=\"uagb-ifb-title\"><strong>1.1-PLAN MATERNO-INFANTIL<\/strong><br><\/h5><\/div><p class=\"uagb-ifb-desc\">Este programa comprende a las embarazadas y a los ni\u00f1os hasta los tres (3) a\u00f1os<br>de edad.<br>Comprende:<br>Cobertura del 100% de la atenci\u00f3n integral del embarazo, parto y del reci\u00e9n nacido hasta<br>los tres (3) a\u00f1os de edad, de conformidad con lo previsto en la Ley N\u00ba 27.611. Cobertura<br>del 100% en medicamentos inherentes al estado de embarazo, parto y puerperio para la<br>madre y del para medicamentos ambulatorios no relacionados de modo directo<br>con el embarazo y posterior nacimiento del ni\u00f1o. Cobertura del 100% en medicamentos<br>para el ni\u00f1o hasta los tres (3) a\u00f1os de vida.<br>Atenci\u00f3n del embarazo<br>En embarazos normales se realizar\u00e1 un control mensual hasta la semana 35, quincenal<br>de la 35 a la 38 y semanal desde la 38 hasta el parto. En embarazos de riesgo, se<br>deber\u00e1n contemplar controles sin restricciones, con la cobertura de los estudios que cada<br>patolog\u00eda requiera.<br>Atenci\u00f3n del reci\u00e9n nacido hasta los tres (3) a\u00f1os de vida<br>La atenci\u00f3n del reci\u00e9n nacido hasta cumplir tres (3) a\u00f1os de edad debe tener una<br>cobertura al 100% tanto en internaci\u00f3n como en ambulatorio. Toda esta atenci\u00f3n debe<br>quedar exceptuada del pago de todo tipo de coseguros. Se cubrir\u00e1n consultas de<br>seguimiento y control, inmunizaciones del per\u00edodo, cobertura del 100% de la medicaci\u00f3n<br>requerida para los tres (3) primeros a\u00f1os de vida, siempre que \u00e9sta figure en el listado<br>de medicamentos esenciales.<br>Prestaciones incluidas en la Ley N\u00ba 26.279 con cobertura al 100%: fenilcetonuria,<br>hipotiroidismo neonatal, fibrosis qu\u00edstica, galactosemia, hiperplasia suprarrenal<br>cong\u00e9nita, deficiencia de biotinasa, retinopat\u00eda del prematuro, chagas y s\u00edfilis.<br>A fin de estimular la lactancia materna, no se cubrir\u00e1n las leches maternizadas, salvo<br>expresa indicaci\u00f3n m\u00e9dica, con evaluaci\u00f3n de la auditor\u00eda m\u00e9dica. Se dar\u00e1 cobertura de<br>leches medicamentosas, seg\u00fan Ley 27.305.<br>Se dar\u00e1 cobertura a las prestaciones contempladas en la la ley 25.415, Programa<br>Nacional de Detecci\u00f3n Temprana y Atenci\u00f3n de la Hipoacusia.<\/p><\/div><\/div>\n<\/div><\/div>\n\n\n\n<div class=\"wp-block-uagb-container uagb-block-eccb4980 alignfull uagb-is-root-container\"><div class=\"uagb-container-inner-blocks-wrap\">\n<div class=\"wp-block-uagb-info-box uagb-block-e462607e uagb-infobox__content-wrap  uagb-infobox-icon-above-title uagb-infobox-image-valign-top\"><div class=\"uagb-ifb-content\"><div class=\"uagb-ifb-title-wrap\"><h5 class=\"uagb-ifb-title\"><strong>1.2-PROGRAMA DE PREVENCI\u00d3N DEL C\u00c1NCER DE CUELLO UTERINO<\/strong><\/h5><\/div><p class=\"uagb-ifb-desc\">Este programa se orienta a mujeres desde los 18 a\u00f1os y sin l\u00edmite de edad superior.<br>Tiene como objetivo principal contribuir a la reducci\u00f3n de la incidencia y mortalidad por<br>esta enfermedad.<br>Deber\u00e1 garantizarse la consulta ginecol\u00f3gica anual y el acceso oportuno con cobertura<br>del 100% a las pr\u00e1cticas de pesquisa temprana\/m\u00e9todos de screening. La<br>Superintendencia de Servicios de Salud publicar\u00e1 las actualizaciones que, basadas en<br>la evidencia cient\u00edfica, deber\u00e1n ser incorporadas en la presentaci\u00f3n anual de la Cartilla<br>Prestacional.<\/p><\/div><\/div>\n\n\n\n<div class=\"wp-block-uagb-info-box uagb-block-80f212bb uagb-infobox__content-wrap  uagb-infobox-icon-above-title uagb-infobox-image-valign-top\"><div class=\"uagb-ifb-content\"><div class=\"uagb-ifb-title-wrap\"><h5 class=\"uagb-ifb-title\"><strong><strong>1.3-PROGRAMA DE PREVENCI\u00d3N DEL C\u00c1NCER DE MAMA<\/strong><\/strong><\/h5><\/div><p class=\"uagb-ifb-desc\">Este programa se orienta a mujeres desde los 35 a\u00f1os y sin l\u00edmite de edad superior.<br>Para mujeres con riesgo aumentado, se intensificar\u00e1 el control a edades m\u00e1s<br>tempranas.<br>Se propone reducir la morbilidad y la mortalidad relacionadas con esta enfermedad, con<br>la misi\u00f3n de promover y asegurar la calidad y equidad del cuidado de las mujeres de<br>riesgo, con sospecha o confirmaci\u00f3n de c\u00e1ncer de mama.<br>El diagn\u00f3stico precoz del c\u00e1ncer de mama es el instrumento m\u00e1s importante en el<br>pron\u00f3stico de la enfermedad y la supervivencia de la paciente.<br>Deber\u00e1 garantizarse la consulta ginecol\u00f3gica anual y el acceso oportuno con cobertura<br>del 100% a las pr\u00e1cticas de pesquisa temprana\/m\u00e9todos de screening. La<br>Superintendencia de Servicios de Salud publicar\u00e1 las actualizaciones que, basadas en<br>la evidencia cient\u00edfica, deber\u00e1n ser incorporadas en la presentaci\u00f3n anual de la Cartilla<br>Prestacional.<\/p><\/div><\/div>\n\n\n\n<div class=\"wp-block-uagb-info-box uagb-block-78c6fac1 uagb-infobox__content-wrap  uagb-infobox-icon-above-title uagb-infobox-image-valign-top\"><div class=\"uagb-ifb-content\"><div class=\"uagb-ifb-title-wrap\"><h5 class=\"uagb-ifb-title\"><strong><strong><strong>1.4-PROGRAMA DE PREVENCI\u00d3N DEL C\u00c1NCER DE COLON<\/strong><\/strong><\/strong><\/h5><\/div><p class=\"uagb-ifb-desc\">Este programa se orienta a pacientes mayores de 50 a\u00f1os de edad o aquellos con<br>factores de riesgo que aumentan la probabilidad de padecerlo.<br>El diagn\u00f3stico precoz en c\u00e1ncer de colon modifica los desenlaces de mortalidad,<br>morbilidad y calidad de vida de los pacientes.<br>Deber\u00e1 garantizarse los controles peri\u00f3dicos a trav\u00e9s de rastreos con estrategia de<br>sangre oculta en materia fecal y\/o colonoscop\u00eda. La Superintendencia de Servicios de<br>Salud publicar\u00e1 las actualizaciones que, basadas en la evidencia cient\u00edfica, deber\u00e1n ser<br>incorporadas en la presentaci\u00f3n anual de la Cartilla Prestacional.<\/p><\/div><\/div>\n\n\n\n<div class=\"wp-block-uagb-info-box uagb-block-7b327a50 uagb-infobox__content-wrap  uagb-infobox-icon-above-title uagb-infobox-image-valign-top\"><div class=\"uagb-ifb-content\"><div class=\"uagb-ifb-title-wrap\"><h5 class=\"uagb-ifb-title\"><strong><strong><strong><strong>1.5-PROGRAMA DE ODONTOLOG\u00cdA PREVENTIVA<\/strong><\/strong><\/strong><\/strong><\/h5><\/div><p class=\"uagb-ifb-desc\">Este programa se orienta a la totalidad de la poblaci\u00f3n beneficiaria, en especial a<br>embarazadas y menores de 18 a\u00f1os.<br>Toda pr\u00e1ctica incluida en el programa tendr\u00e1 una cobertura del 100% a cargo de la<br>Obra Social.<br>Acciones:<br>\u2022 Promover acciones de prevenci\u00f3n a trav\u00e9s de la educaci\u00f3n para la salud (limpieza y<br>pulido de las superficies y topicaci\u00f3n con fl\u00faor, selladores de fosas y fisuras,<br>ense\u00f1anza de t\u00e9cnicas de higiene bucal, consulta peri\u00f3dica)<br>\u2022 Desarrollar una campa\u00f1a por medio de tr\u00edpticos o cualquier otro tipo de informaci\u00f3n<br>en beneficio de la salud bucal.<br>\u2022 Se llevar\u00e1n a cabo consultas que contemplen las siguientes actividades:<br>o Examen del ni\u00f1o sano para la detecci\u00f3n de caries.<br>o Topicaciones con fl\u00faor y ense\u00f1anza del cepillado dental.<br>o Orientaci\u00f3n nutricional con el objeto de racionalizar el consumo de productos<br>causantes de caries.<\/p><\/div><\/div>\n\n\n\n<div class=\"wp-block-uagb-info-box uagb-block-7e520b59 uagb-infobox__content-wrap  uagb-infobox-icon-above-title uagb-infobox-image-valign-top\"><div class=\"uagb-ifb-content\"><div class=\"uagb-ifb-title-wrap\"><h5 class=\"uagb-ifb-title\"><strong><strong><strong><strong>1.6-PROGRAMA DE SALUD SEXUAL Y PROCREACI\u00d3N RESPONSABLE<\/strong><\/strong><\/strong><\/strong><\/h5><\/div><p class=\"uagb-ifb-desc\">Este programa se orienta a la poblaci\u00f3n sexualmente activa, independientemente<br>de la edad.<br>Objetivos<br>a) Alcanzar para la poblaci\u00f3n el nivel m\u00e1s elevado de salud sexual y procreaci\u00f3n<br>responsable con el fin de que pueda adoptar decisiones libres de discriminaci\u00f3n,<br>coacciones o violencia<br>b) Disminuir la morbimortalidad materno-infantil<br>c) Prevenir embarazos no deseados<br>d) Promover la salud sexual de los adolescentes<br>e) Contribuir a la prevenci\u00f3n y detecci\u00f3n precoz de enfermedades de transmisi\u00f3n<br>sexual, de VIH\/sida y patolog\u00edas genital y mamarias;<br>f) Garantizar a toda la poblaci\u00f3n el acceso a la informaci\u00f3n, orientaci\u00f3n, m\u00e9todos y<br>prestaciones de servicios referidos a la salud sexual y procreaci\u00f3n responsable<br>g) Potenciar la participaci\u00f3n femenina en la toma de decisiones relativas a su salud<br>sexual y procreaci\u00f3n responsable.<br>Cobertura<br>\u2022 A demanda de los beneficiarios y sobre la base de estudios previos, se podr\u00e1n<br>prescribir y suministrar los m\u00e9todos y elementos anticonceptivos que deber\u00e1n ser de<br>car\u00e1cter reversible, no abortivos y transitorios, respetando los criterios o<br>convicciones de los destinatarios, salvo contraindicaci\u00f3n m\u00e9dica espec\u00edfica y previa<br>informaci\u00f3n brindada sobre las ventajas y desventajas de los m\u00e9todos naturales y<br>aquellos aprobados por la ANMAT<br>\u2022 Cobertura al 100% de ligadura de trompas y vasectom\u00eda, seg\u00fan lo establece la Ley<br>26.130.<br>\u2022 Cobertura de Anticoncepci\u00f3n Hormonal de Emergencia (AHE), de acuerdo con lo<br>establecido por la Resoluci\u00f3n N\u00b0 232\/07 del Ministerio de Salud de la Naci\u00f3n.<br>\u2022 Cobertura al 100% de implante subd\u00e9rmico, sistema intrauterino de liberaci\u00f3n de<br>levonorgestrel (SIU\/DIU-LNG), Dispositivo Intrauterino (DIU-Cu), su colocaci\u00f3n y<br>extracci\u00f3n, como m\u00e9todos anticonceptivos, de conformidad con la Ley 25.673 y la<br>Resoluci\u00f3n 2922\/2019-MSyDS<\/p><\/div><\/div>\n<\/div><\/div>\n","protected":false},"excerpt":{"rendered":"","protected":false},"author":1,"featured_media":0,"parent":0,"menu_order":0,"comment_status":"closed","ping_status":"closed","template":"","meta":{"_uag_custom_page_level_css":"","site-sidebar-layout":"default","site-content-layout":"","ast-site-content-layout":"","site-content-style":"default","site-sidebar-style":"default","ast-global-header-display":"","ast-banner-title-visibility":"","ast-main-header-display":"","ast-hfb-above-header-display":"","ast-hfb-below-header-display":"","ast-hfb-mobile-header-display":"","site-post-title":"disabled","ast-breadcrumbs-content":"","ast-featured-img":"","footer-sml-layout":"","theme-transparent-header-meta":"","adv-header-id-meta":"","stick-header-meta":"","header-above-stick-meta":"","header-main-stick-meta":"","header-below-stick-meta":"","astra-migrate-meta-layouts":"","ast-page-background-enabled":"default","ast-page-background-meta":{"desktop":{"background-color":"var(--ast-global-color-4)","background-image":"","background-repeat":"repeat","background-position":"center center","background-size":"auto","background-attachment":"scroll","background-type":"","background-media":"","overlay-type":"","overlay-color":"","overlay-opacity":"","overlay-gradient":""},"tablet":{"background-color":"","background-image":"","background-repeat":"repeat","background-position":"center center","background-size":"auto","background-attachment":"scroll","background-type":"","background-media":"","overlay-type":"","overlay-color":"","overlay-opacity":"","overlay-gradient":""},"mobile":{"background-color":"","background-image":"","background-repeat":"repeat","background-position":"center center","background-size":"auto","background-attachment":"scroll","background-type":"","background-media":"","overlay-type":"","overlay-color":"","overlay-opacity":"","overlay-gradient":""}},"ast-content-background-meta":{"desktop":{"background-color":"var(--ast-global-color-5)","background-image":"","background-repeat":"repeat","background-position":"center center","background-size":"auto","background-attachment":"scroll","background-type":"","background-media":"","overlay-type":"","overlay-color":"","overlay-opacity":"","overlay-gradient":""},"tablet":{"background-color":"var(--ast-global-color-5)","background-image":"","background-repeat":"repeat","background-position":"center center","background-size":"auto","background-attachment":"scroll","background-type":"","background-media":"","overlay-type":"","overlay-color":"","overlay-opacity":"","overlay-gradient":""},"mobile":{"background-color":"var(--ast-global-color-5)","background-image":"","background-repeat":"repeat","background-position":"center center","background-size":"auto","background-attachment":"scroll","background-type":"","background-media":"","overlay-type":"","overlay-color":"","overlay-opacity":"","overlay-gradient":""}},"_kadence_starter_templates_imported_post":false,"footnotes":""},"class_list":["post-783","page","type-page","status-publish","hentry"],"uagb_featured_image_src":{"full":false,"thumbnail":false,"medium":false,"medium_large":false,"large":false,"1536x1536":false,"2048x2048":false},"uagb_author_info":{"display_name":"osjomn","author_link":"https:\/\/www.osjomn.com.ar\/index.php\/author\/osjomn\/"},"uagb_comment_info":0,"uagb_excerpt":null,"_links":{"self":[{"href":"https:\/\/www.osjomn.com.ar\/index.php\/wp-json\/wp\/v2\/pages\/783","targetHints":{"allow":["GET"]}}],"collection":[{"href":"https:\/\/www.osjomn.com.ar\/index.php\/wp-json\/wp\/v2\/pages"}],"about":[{"href":"https:\/\/www.osjomn.com.ar\/index.php\/wp-json\/wp\/v2\/types\/page"}],"author":[{"embeddable":true,"href":"https:\/\/www.osjomn.com.ar\/index.php\/wp-json\/wp\/v2\/users\/1"}],"replies":[{"embeddable":true,"href":"https:\/\/www.osjomn.com.ar\/index.php\/wp-json\/wp\/v2\/comments?post=783"}],"version-history":[{"count":25,"href":"https:\/\/www.osjomn.com.ar\/index.php\/wp-json\/wp\/v2\/pages\/783\/revisions"}],"predecessor-version":[{"id":1071,"href":"https:\/\/www.osjomn.com.ar\/index.php\/wp-json\/wp\/v2\/pages\/783\/revisions\/1071"}],"wp:attachment":[{"href":"https:\/\/www.osjomn.com.ar\/index.php\/wp-json\/wp\/v2\/media?parent=783"}],"curies":[{"name":"wp","href":"https:\/\/api.w.org\/{rel}","templated":true}]}}