{"id":881,"date":"2023-11-15T14:11:14","date_gmt":"2023-11-15T14:11:14","guid":{"rendered":"http:\/\/192.168.34.12\/osjomn\/?page_id=881"},"modified":"2023-12-14T19:15:21","modified_gmt":"2023-12-14T22:15:21","slug":"discapacidad","status":"publish","type":"page","link":"https:\/\/www.osjomn.com.ar\/index.php\/discapacidad\/","title":{"rendered":"DISCAPACIDAD"},"content":{"rendered":"\n<div class=\"wp-block-uagb-container uagb-block-e2e9e6b6 alignfull uagb-is-root-container\"><div class=\"uagb-container-inner-blocks-wrap\">\n<div class=\"wp-block-uagb-advanced-heading uagb-block-cb2c6e26\"><h1 class=\"uagb-heading-text\">Discapacidad<\/h1><div class=\"uagb-separator\"><\/div><p class=\"uagb-desc-text\">Para acceder a las prestaciones previstas en la Ley 24.901, el PMO (Programa M\u00e9dico Obligatorio) y las normas en la materia, los Afiliados deber\u00e1n contar con el Certificado de Discapacidad emanado de autoridad competente y vigente al momento de su presentaci\u00f3n. La Obra Social cuenta con prestadores y establecimientos debidamente inscriptos y autorizados para atenci\u00f3n de discapacitados.<\/p><\/div>\n<\/div><\/div>\n\n\n\n<div class=\"wp-block-uagb-container uagb-block-d4e16854 alignfull uagb-is-root-container\"><div class=\"uagb-container-inner-blocks-wrap\">\n<div class=\"wp-block-uagb-image aligncenter uagb-block-01d02a55 wp-block-uagb-image--layout-default wp-block-uagb-image--effect-static wp-block-uagb-image--align-center\"><figure class=\"wp-block-uagb-image__figure\"><a class=\"\" href=\"https:\/\/www.argentina.gob.ar\/sssalud\" target=\"\" rel=\"noopener\"><img decoding=\"async\" srcset=\"https:\/\/www.osjomn.com.ar\/wp-content\/uploads\/2023\/11\/sssalud.jpg ,https:\/\/www.osjomn.com.ar\/wp-content\/uploads\/2023\/11\/sssalud.jpg 780w, https:\/\/www.osjomn.com.ar\/wp-content\/uploads\/2023\/11\/sssalud.jpg 360w\" sizes=\"auto, (max-width: 480px) 150px\" src=\"https:\/\/www.osjomn.com.ar\/wp-content\/uploads\/2023\/11\/sssalud.jpg\" alt=\"\" class=\"uag-image-917\" width=\"155\" height=\"100\" title=\"\" loading=\"lazy\"\/><\/a><\/figure><\/div>\n\n\n\n<div class=\"wp-block-uagb-advanced-heading uagb-block-c7f0e6d0\"><h6 class=\"uagb-heading-text\">\u00d3rgano de Control de Obras Sociales y Entidades de Medicina Prepaga.<\/h6><\/div>\n\n\n\n<p class=\"has-text-align-center has-small-font-size\">C\u00f3digo postal: C1035AAN<br>L\u00ednea Gratuita para consultas de beneficiarios y usuarios del Sistema Nacional de Salud<br>0800-222-72583 (SALUD)<br>Horario: 9 a 17 hs.<\/p>\n<\/div><\/div>\n","protected":false},"excerpt":{"rendered":"<p>Discapacidad Para acceder a las prestaciones previstas en la Ley 24.901, el PMO (Programa M\u00e9dico Obligatorio) y las normas en la materia, los Afiliados deber\u00e1n contar con el Certificado de Discapacidad emanado de autoridad competente y vigente al momento de su presentaci\u00f3n. La Obra Social cuenta con prestadores y establecimientos debidamente inscriptos y autorizados para [&hellip;]<\/p>\n","protected":false},"author":1,"featured_media":0,"parent":0,"menu_order":0,"comment_status":"closed","ping_status":"closed","template":"","meta":{"_uag_custom_page_level_css":"","site-sidebar-layout":"default","site-content-layout":"","ast-site-content-layout":"","site-content-style":"default","site-sidebar-style":"default","ast-global-header-display":"","ast-banner-title-visibility":"","ast-main-header-display":"","ast-hfb-above-header-display":"","ast-hfb-below-header-display":"","ast-hfb-mobile-header-display":"","site-post-title":"disabled","ast-breadcrumbs-content":"","ast-featured-img":"","footer-sml-layout":"","theme-transparent-header-meta":"","adv-header-id-meta":"","stick-header-meta":"","header-above-stick-meta":"","header-main-stick-meta":"","header-below-stick-meta":"","astra-migrate-meta-layouts":"","ast-page-background-enabled":"default","ast-page-background-meta":{"desktop":{"background-color":"var(--ast-global-color-4)","background-image":"","background-repeat":"repeat","background-position":"center center","background-size":"auto","background-attachment":"scroll","background-type":"","background-media":"","overlay-type":"","overlay-color":"","overlay-opacity":"","overlay-gradient":""},"tablet":{"background-color":"","background-image":"","background-repeat":"repeat","background-position":"center center","background-size":"auto","background-attachment":"scroll","background-type":"","background-media":"","overlay-type":"","overlay-color":"","overlay-opacity":"","overlay-gradient":""},"mobile":{"background-color":"","background-image":"","background-repeat":"repeat","background-position":"center center","background-size":"auto","background-attachment":"scroll","background-type":"","background-media":"","overlay-type":"","overlay-color":"","overlay-opacity":"","overlay-gradient":""}},"ast-content-background-meta":{"desktop":{"background-color":"var(--ast-global-color-5)","background-image":"","background-repeat":"repeat","background-position":"center center","background-size":"auto","background-attachment":"scroll","background-type":"","background-media":"","overlay-type":"","overlay-color":"","overlay-opacity":"","overlay-gradient":""},"tablet":{"background-color":"var(--ast-global-color-5)","background-image":"","background-repeat":"repeat","background-position":"center center","background-size":"auto","background-attachment":"scroll","background-type":"","background-media":"","overlay-type":"","overlay-color":"","overlay-opacity":"","overlay-gradient":""},"mobile":{"background-color":"var(--ast-global-color-5)","background-image":"","background-repeat":"repeat","background-position":"center center","background-size":"auto","background-attachment":"scroll","background-type":"","background-media":"","overlay-type":"","overlay-color":"","overlay-opacity":"","overlay-gradient":""}},"_kadence_starter_templates_imported_post":false,"footnotes":""},"class_list":["post-881","page","type-page","status-publish","hentry"],"uagb_featured_image_src":{"full":false,"thumbnail":false,"medium":false,"medium_large":false,"large":false,"1536x1536":false,"2048x2048":false},"uagb_author_info":{"display_name":"osjomn","author_link":"https:\/\/www.osjomn.com.ar\/index.php\/author\/osjomn\/"},"uagb_comment_info":0,"uagb_excerpt":"Discapacidad Para acceder a las prestaciones previstas en la Ley 24.901, el PMO (Programa M\u00e9dico Obligatorio) y las normas en la materia, los Afiliados deber\u00e1n contar con el Certificado de Discapacidad emanado de autoridad competente y vigente al momento de su presentaci\u00f3n. La Obra Social cuenta con prestadores y establecimientos debidamente inscriptos y autorizados para&hellip;","_links":{"self":[{"href":"https:\/\/www.osjomn.com.ar\/index.php\/wp-json\/wp\/v2\/pages\/881","targetHints":{"allow":["GET"]}}],"collection":[{"href":"https:\/\/www.osjomn.com.ar\/index.php\/wp-json\/wp\/v2\/pages"}],"about":[{"href":"https:\/\/www.osjomn.com.ar\/index.php\/wp-json\/wp\/v2\/types\/page"}],"author":[{"embeddable":true,"href":"https:\/\/www.osjomn.com.ar\/index.php\/wp-json\/wp\/v2\/users\/1"}],"replies":[{"embeddable":true,"href":"https:\/\/www.osjomn.com.ar\/index.php\/wp-json\/wp\/v2\/comments?post=881"}],"version-history":[{"count":5,"href":"https:\/\/www.osjomn.com.ar\/index.php\/wp-json\/wp\/v2\/pages\/881\/revisions"}],"predecessor-version":[{"id":1144,"href":"https:\/\/www.osjomn.com.ar\/index.php\/wp-json\/wp\/v2\/pages\/881\/revisions\/1144"}],"wp:attachment":[{"href":"https:\/\/www.osjomn.com.ar\/index.php\/wp-json\/wp\/v2\/media?parent=881"}],"curies":[{"name":"wp","href":"https:\/\/api.w.org\/{rel}","templated":true}]}}